{"id":61,"date":"2025-10-25T22:53:55","date_gmt":"2025-10-25T22:53:55","guid":{"rendered":"https:\/\/jennychaotisch-aber-echt.de\/?page_id=61"},"modified":"2026-03-06T16:19:06","modified_gmt":"2026-03-06T16:19:06","slug":"wieso-podcast","status":"publish","type":"page","link":"https:\/\/jennychaotisch-aber-echt.de\/index.php\/wieso-podcast\/","title":{"rendered":"Wieso Podcast ?"},"content":{"rendered":"\t\t<div data-elementor-type=\"wp-page\" data-elementor-id=\"61\" class=\"elementor elementor-61\">\n\t\t\t\t<div class=\"elementor-element elementor-element-52582b9 e-flex e-con-boxed e-con e-parent\" data-id=\"52582b9\" data-element_type=\"container\" data-e-type=\"container\">\n\t\t\t\t\t<div class=\"e-con-inner\">\n\t\t\t\t<div class=\"elementor-element elementor-element-f22dce9 elementor-widget elementor-widget-heading\" data-id=\"f22dce9\" data-element_type=\"widget\" data-e-type=\"widget\" data-widget_type=\"heading.default\">\n\t\t\t\t\t<h2 class=\"elementor-heading-title elementor-size-default\">Wieso Podcast ?<\/h2>\t\t\t\t<\/div>\n\t\t\t\t\t<\/div>\n\t\t\t\t<\/div>\n\t\t<div class=\"elementor-element elementor-element-4dbf8c7 e-flex e-con-boxed e-con e-parent\" data-id=\"4dbf8c7\" data-element_type=\"container\" data-e-type=\"container\">\n\t\t\t\t\t<div class=\"e-con-inner\">\n\t\t\t\t<div class=\"elementor-element elementor-element-57d5a5d elementor-widget elementor-widget-text-editor\" data-id=\"57d5a5d\" data-element_type=\"widget\" data-e-type=\"widget\" data-widget_type=\"text-editor.default\">\n\t\t\t\t\t\t\t\t\t<hr \/><h1 style=\"text-align: center;\"><span style=\"font-size: 22px; color: #999999;\">Podcasts sind eine gro\u00dfartige M\u00f6glichkeit, Abwechslung in euren Sendebetrieb zu bringen,<br \/>weil sie eine flexible und kreative Plattform bieten. <\/span><\/h1><h1 style=\"text-align: center;\"><span style=\"font-size: 22px; color: #999999;\">Sie erm\u00f6glichen es, verschiedene Formate und Themen auszuprobieren, <\/span><\/h1><h1 style=\"text-align: center;\"><span style=\"font-size: 22px; color: #999999;\">die vielleicht nicht in einem traditionellen Sendeschema Platz finden.<br \/>Au\u00dferdem k\u00f6nnen Podcasts eine tiefere Verbindung zu eurem Publikum herstellen, <\/span><\/h1><h1 style=\"text-align: center;\"><span style=\"font-size: 22px; color: #999999;\">da sie oft pers\u00f6nlicher und intimer sind. <\/span><\/h1><h1 style=\"text-align: center;\"><span style=\"font-size: 22px; color: #999999;\">Durch Interviews, Geschichten oder Diskussionen k\u00f6nnt ihr neue Perspektiven einbringen und euer Angebot erweitern. Das kann nicht nur die H\u00f6rerbindung st\u00e4rken,<\/span><\/h1><h1 style=\"text-align: center;\"><span style=\"font-size: 22px; color: #999999;\"> sondern auch neue Zuh\u00f6rer anziehen, <\/span><\/h1><h1 style=\"text-align: center;\"><span style=\"font-size: 22px; color: #999999;\">die an den spezifischen Inhalten interessiert sind.<\/span><\/h1><h1 style=\"text-align: center;\"><span style=\"font-size: 22px; color: #999999;\">Die Podcast bestehen ausschlie\u00dflich nur aus Sprache und beinhaltet KEINE Musik!<\/span><\/h1>\t\t\t\t\t\t\t\t<\/div>\n\t\t\t\t\t<\/div>\n\t\t\t\t<\/div>\n\t\t\t\t<\/div>\n\t\t","protected":false},"excerpt":{"rendered":"<p>Wieso Podcast ? Podcasts sind eine gro\u00dfartige M\u00f6glichkeit, Abwechslung in euren Sendebetrieb zu bringen,weil sie eine flexible und kreative Plattform [&hellip;]<\/p>\n","protected":false},"author":1,"featured_media":0,"parent":0,"menu_order":0,"comment_status":"closed","ping_status":"closed","template":"","meta":{"footnotes":""},"class_list":["post-61","page","type-page","status-publish","hentry"],"jetpack_sharing_enabled":true,"_links":{"self":[{"href":"https:\/\/jennychaotisch-aber-echt.de\/index.php\/wp-json\/wp\/v2\/pages\/61","targetHints":{"allow":["GET"]}}],"collection":[{"href":"https:\/\/jennychaotisch-aber-echt.de\/index.php\/wp-json\/wp\/v2\/pages"}],"about":[{"href":"https:\/\/jennychaotisch-aber-echt.de\/index.php\/wp-json\/wp\/v2\/types\/page"}],"author":[{"embeddable":true,"href":"https:\/\/jennychaotisch-aber-echt.de\/index.php\/wp-json\/wp\/v2\/users\/1"}],"replies":[{"embeddable":true,"href":"https:\/\/jennychaotisch-aber-echt.de\/index.php\/wp-json\/wp\/v2\/comments?post=61"}],"version-history":[{"count":6,"href":"https:\/\/jennychaotisch-aber-echt.de\/index.php\/wp-json\/wp\/v2\/pages\/61\/revisions"}],"predecessor-version":[{"id":198,"href":"https:\/\/jennychaotisch-aber-echt.de\/index.php\/wp-json\/wp\/v2\/pages\/61\/revisions\/198"}],"wp:attachment":[{"href":"https:\/\/jennychaotisch-aber-echt.de\/index.php\/wp-json\/wp\/v2\/media?parent=61"}],"curies":[{"name":"wp","href":"https:\/\/api.w.org\/{rel}","templated":true}]}}