{"id":57,"date":"2025-10-25T22:47:07","date_gmt":"2025-10-25T22:47:07","guid":{"rendered":"https:\/\/jennychaotisch-aber-echt.de\/?page_id=57"},"modified":"2026-03-06T16:18:20","modified_gmt":"2026-03-06T16:18:20","slug":"was-sind-podcast","status":"publish","type":"page","link":"https:\/\/jennychaotisch-aber-echt.de\/index.php\/was-sind-podcast\/","title":{"rendered":"Was sind Podcast ?"},"content":{"rendered":"\t\t<div data-elementor-type=\"wp-page\" data-elementor-id=\"57\" class=\"elementor elementor-57\">\n\t\t\t\t<div class=\"elementor-element elementor-element-be2f391 e-flex e-con-boxed e-con e-parent\" data-id=\"be2f391\" data-element_type=\"container\" data-e-type=\"container\">\n\t\t\t\t\t<div class=\"e-con-inner\">\n\t\t\t\t<div class=\"elementor-element elementor-element-9f17fae elementor-widget elementor-widget-heading\" data-id=\"9f17fae\" data-element_type=\"widget\" data-e-type=\"widget\" data-widget_type=\"heading.default\">\n\t\t\t\t\t<h2 class=\"elementor-heading-title elementor-size-default\">Was sind Podcast ?<\/h2>\t\t\t\t<\/div>\n\t\t\t\t\t<\/div>\n\t\t\t\t<\/div>\n\t\t<div class=\"elementor-element elementor-element-3275342 e-flex e-con-boxed e-con e-parent\" data-id=\"3275342\" data-element_type=\"container\" data-e-type=\"container\">\n\t\t\t\t\t<div class=\"e-con-inner\">\n\t\t\t\t<div class=\"elementor-element elementor-element-a4c3881 elementor-widget elementor-widget-text-editor\" data-id=\"a4c3881\" data-element_type=\"widget\" data-e-type=\"widget\" data-widget_type=\"text-editor.default\">\n\t\t\t\t\t\t\t\t\t<h1 style=\"text-align: center;\"><span style=\"font-size: 22px; color: #999999;\">Podcasts sind digitale Audio- oder Videoaufzeichnungen, <\/span><\/h1><p style=\"text-align: center;\"><span style=\"font-size: 22px; color: #999999;\">die in Episoden ver\u00f6ffentlicht werden und \u00fcber das Internet abgerufen werden k\u00f6nnen.<br \/>Sie decken eine Vielzahl von Themen ab, <\/span><\/p><p style=\"text-align: center;\"><span style=\"font-size: 22px; color: #999999;\">von Nachrichten und Bildung bis hin zu Unterhaltung und Geschichten. <\/span><\/p><p style=\"text-align: center;\"><span style=\"font-size: 22px; color: #999999;\">Man kann sie auf verschiedenen Plattformen anh\u00f6ren oder abonnieren, <\/span><\/p><p style=\"text-align: center;\"><span style=\"font-size: 22px; color: #999999;\">sodass neue Episoden automatisch heruntergeladen oder gestreamt werden.<\/span><\/p><p style=\"text-align: center;\"><span style=\"font-size: 22px; color: #999999;\"> Podcasts bieten eine flexible M\u00f6glichkeit,<\/span><\/p><p style=\"text-align: center;\"><span style=\"font-size: 22px; color: #999999;\"> Inhalte zu konsumieren,<\/span><\/p><p style=\"text-align: center;\"><span style=\"font-size: 22px; color: #999999;\"> da man sie jederzeit und \u00fcberall h\u00f6ren kann, <\/span><\/p><p style=\"text-align: center;\"><span style=\"font-size: 22px; color: #999999;\">sei es beim Pendeln, beim Sport oder einfach zu Hause.<\/span><\/p><p>\u00a0<\/p>\t\t\t\t\t\t\t\t<\/div>\n\t\t\t\t\t<\/div>\n\t\t\t\t<\/div>\n\t\t\t\t<\/div>\n\t\t","protected":false},"excerpt":{"rendered":"<p>Was sind Podcast ? Podcasts sind digitale Audio- oder Videoaufzeichnungen, die in Episoden ver\u00f6ffentlicht werden und \u00fcber das Internet abgerufen [&hellip;]<\/p>\n","protected":false},"author":1,"featured_media":0,"parent":0,"menu_order":0,"comment_status":"closed","ping_status":"closed","template":"","meta":{"footnotes":""},"class_list":["post-57","page","type-page","status-publish","hentry"],"jetpack_sharing_enabled":true,"_links":{"self":[{"href":"https:\/\/jennychaotisch-aber-echt.de\/index.php\/wp-json\/wp\/v2\/pages\/57","targetHints":{"allow":["GET"]}}],"collection":[{"href":"https:\/\/jennychaotisch-aber-echt.de\/index.php\/wp-json\/wp\/v2\/pages"}],"about":[{"href":"https:\/\/jennychaotisch-aber-echt.de\/index.php\/wp-json\/wp\/v2\/types\/page"}],"author":[{"embeddable":true,"href":"https:\/\/jennychaotisch-aber-echt.de\/index.php\/wp-json\/wp\/v2\/users\/1"}],"replies":[{"embeddable":true,"href":"https:\/\/jennychaotisch-aber-echt.de\/index.php\/wp-json\/wp\/v2\/comments?post=57"}],"version-history":[{"count":6,"href":"https:\/\/jennychaotisch-aber-echt.de\/index.php\/wp-json\/wp\/v2\/pages\/57\/revisions"}],"predecessor-version":[{"id":195,"href":"https:\/\/jennychaotisch-aber-echt.de\/index.php\/wp-json\/wp\/v2\/pages\/57\/revisions\/195"}],"wp:attachment":[{"href":"https:\/\/jennychaotisch-aber-echt.de\/index.php\/wp-json\/wp\/v2\/media?parent=57"}],"curies":[{"name":"wp","href":"https:\/\/api.w.org\/{rel}","templated":true}]}}